{"id":54777,"date":"2018-03-14T09:25:17","date_gmt":"2018-03-14T13:25:17","guid":{"rendered":"https:\/\/adsknews.autodesk.com\/actualites-adsk\/"},"modified":"2018-03-14T09:25:17","modified_gmt":"2018-03-14T13:25:17","slug":"actualites-adsk","status":"publish","type":"page","link":"https:\/\/adsknews.autodesk.com\/fr\/actualites-adsk\/","title":{"rendered":"Actualit\u00e9s ADSK"},"content":{"rendered":"<p>Merci de vous \u00eatre abonn\u00e9 \u00e0 la newsletter ADSK NEWS. Vous recevrez prochainement un email de confirmation. Vous devrez peut-\u00eatre v\u00e9rifier votre dossier spam et ajuster vos param\u00e8tres de messagerie pour autoriser l&#8217;exp\u00e9diteur. Apr\u00e8s cela, vous commencerez \u00e0 recevoir notre recueil mensuel des meilleures histoires ainsi que des alertes d\u2019actualit\u00e9. Vous pouvez vous d\u00e9sinscrire ou nous contacter \u00e0 tout moment. Merci encore et nous esp\u00e9rons que vous appr\u00e9cierez la newsletter !<\/p>\n","protected":false},"excerpt":{"rendered":"<p>Merci de vous \u00eatre abonn\u00e9 \u00e0 la newsletter ADSK NEWS. Vous recevrez prochainement un email de confirmation. Vous devrez peut-\u00eatre v\u00e9rifier votre dossier spam et ajuster vos param\u00e8tres de messagerie pour autoriser l&#8217;exp\u00e9diteur. Apr\u00e8s cela, vous commencerez \u00e0 recevoir notre recueil mensuel des meilleures histoires ainsi que des alertes d\u2019actualit\u00e9. Vous pouvez vous d\u00e9sinscrire ou [&hellip;]<\/p>\n","protected":false},"author":1,"featured_media":0,"parent":0,"menu_order":0,"comment_status":"closed","ping_status":"closed","template":"templates\/page-makerto-newsletter.php","meta":{"_acf_changed":false,"footnotes":""},"class_list":["post-54777","page","type-page","status-publish","hentry"],"acf":[],"yoast_head":"<!-- This site is optimized with the Yoast SEO Premium plugin v27.3 (Yoast SEO v27.3) - https:\/\/yoast.com\/product\/yoast-seo-premium-wordpress\/ -->\n<title>Actualit\u00e9s ADSK | Autodesk News<\/title>\n<meta name=\"robots\" content=\"index, follow, max-snippet:-1, max-image-preview:large, max-video-preview:-1\" \/>\n<link rel=\"canonical\" href=\"https:\/\/adsknews.autodesk.com\/actualites-adsk\/\" \/>\n<meta property=\"og:locale\" content=\"fr_FR\" \/>\n<meta property=\"og:type\" content=\"article\" \/>\n<meta property=\"og:title\" content=\"Actualit\u00e9s ADSK\" \/>\n<meta property=\"og:description\" content=\"Merci de vous \u00eatre abonn\u00e9 \u00e0 la newsletter ADSK NEWS. Vous recevrez prochainement un email de confirmation. Vous devrez peut-\u00eatre v\u00e9rifier votre dossier spam et ajuster vos param\u00e8tres de messagerie pour autoriser l&#8217;exp\u00e9diteur. Apr\u00e8s cela, vous commencerez \u00e0 recevoir notre recueil mensuel des meilleures histoires ainsi que des alertes d\u2019actualit\u00e9. Vous pouvez vous d\u00e9sinscrire ou [&hellip;]\" \/>\n<meta property=\"og:url\" content=\"https:\/\/adsknews.autodesk.com\/actualites-adsk\/\" \/>\n<meta property=\"og:site_name\" content=\"Autodesk News\" \/>\n<meta property=\"article:publisher\" content=\"https:\/\/www.facebook.com\/autodesk\/\" \/>\n<meta name=\"twitter:card\" content=\"summary_large_image\" \/>\n<script type=\"application\/ld+json\" class=\"yoast-schema-graph\">{\"@context\":\"https:\\\/\\\/schema.org\",\"@graph\":[{\"@type\":\"WebPage\",\"@id\":\"https:\\\/\\\/adsknews.autodesk.com\\\/actualites-adsk\\\/\",\"url\":\"https:\\\/\\\/adsknews.autodesk.com\\\/actualites-adsk\\\/\",\"name\":\"Actualit\u00e9s ADSK | Autodesk News\",\"isPartOf\":{\"@id\":\"https:\\\/\\\/adsknews.autodesk.com\\\/en\\\/#website\"},\"datePublished\":\"2018-03-14T13:25:17+00:00\",\"breadcrumb\":{\"@id\":\"https:\\\/\\\/adsknews.autodesk.com\\\/actualites-adsk\\\/#breadcrumb\"},\"inLanguage\":\"fr-FR\",\"potentialAction\":[{\"@type\":\"ReadAction\",\"target\":[\"https:\\\/\\\/adsknews.autodesk.com\\\/actualites-adsk\\\/\"]}]},{\"@type\":\"BreadcrumbList\",\"@id\":\"https:\\\/\\\/adsknews.autodesk.com\\\/actualites-adsk\\\/#breadcrumb\",\"itemListElement\":[{\"@type\":\"ListItem\",\"position\":1,\"name\":\"Home\",\"item\":\"https:\\\/\\\/adsknews.autodesk.com\\\/fr\\\/\"},{\"@type\":\"ListItem\",\"position\":2,\"name\":\"Actualit\u00e9s ADSK\"}]},{\"@type\":\"WebSite\",\"@id\":\"https:\\\/\\\/adsknews.autodesk.com\\\/en\\\/#website\",\"url\":\"https:\\\/\\\/adsknews.autodesk.com\\\/en\\\/\",\"name\":\"Autodesk News\",\"description\":\"\",\"potentialAction\":[{\"@type\":\"SearchAction\",\"target\":{\"@type\":\"EntryPoint\",\"urlTemplate\":\"https:\\\/\\\/adsknews.autodesk.com\\\/en\\\/?s={search_term_string}\"},\"query-input\":{\"@type\":\"PropertyValueSpecification\",\"valueRequired\":true,\"valueName\":\"search_term_string\"}}],\"inLanguage\":\"fr-FR\"}]}<\/script>\n<!-- \/ Yoast SEO Premium plugin. -->","yoast_head_json":{"title":"Actualit\u00e9s ADSK | Autodesk News","robots":{"index":"index","follow":"follow","max-snippet":"max-snippet:-1","max-image-preview":"max-image-preview:large","max-video-preview":"max-video-preview:-1"},"canonical":"https:\/\/adsknews.autodesk.com\/actualites-adsk\/","og_locale":"fr_FR","og_type":"article","og_title":"Actualit\u00e9s ADSK","og_description":"Merci de vous \u00eatre abonn\u00e9 \u00e0 la newsletter ADSK NEWS. Vous recevrez prochainement un email de confirmation. Vous devrez peut-\u00eatre v\u00e9rifier votre dossier spam et ajuster vos param\u00e8tres de messagerie pour autoriser l&#8217;exp\u00e9diteur. Apr\u00e8s cela, vous commencerez \u00e0 recevoir notre recueil mensuel des meilleures histoires ainsi que des alertes d\u2019actualit\u00e9. Vous pouvez vous d\u00e9sinscrire ou [&hellip;]","og_url":"https:\/\/adsknews.autodesk.com\/actualites-adsk\/","og_site_name":"Autodesk News","article_publisher":"https:\/\/www.facebook.com\/autodesk\/","twitter_card":"summary_large_image","schema":{"@context":"https:\/\/schema.org","@graph":[{"@type":"WebPage","@id":"https:\/\/adsknews.autodesk.com\/actualites-adsk\/","url":"https:\/\/adsknews.autodesk.com\/actualites-adsk\/","name":"Actualit\u00e9s ADSK | Autodesk News","isPartOf":{"@id":"https:\/\/adsknews.autodesk.com\/en\/#website"},"datePublished":"2018-03-14T13:25:17+00:00","breadcrumb":{"@id":"https:\/\/adsknews.autodesk.com\/actualites-adsk\/#breadcrumb"},"inLanguage":"fr-FR","potentialAction":[{"@type":"ReadAction","target":["https:\/\/adsknews.autodesk.com\/actualites-adsk\/"]}]},{"@type":"BreadcrumbList","@id":"https:\/\/adsknews.autodesk.com\/actualites-adsk\/#breadcrumb","itemListElement":[{"@type":"ListItem","position":1,"name":"Home","item":"https:\/\/adsknews.autodesk.com\/fr\/"},{"@type":"ListItem","position":2,"name":"Actualit\u00e9s ADSK"}]},{"@type":"WebSite","@id":"https:\/\/adsknews.autodesk.com\/en\/#website","url":"https:\/\/adsknews.autodesk.com\/en\/","name":"Autodesk News","description":"","potentialAction":[{"@type":"SearchAction","target":{"@type":"EntryPoint","urlTemplate":"https:\/\/adsknews.autodesk.com\/en\/?s={search_term_string}"},"query-input":{"@type":"PropertyValueSpecification","valueRequired":true,"valueName":"search_term_string"}}],"inLanguage":"fr-FR"}]}},"_links":{"self":[{"href":"https:\/\/adsknews.autodesk.com\/fr\/wp-json\/wp\/v2\/pages\/54777","targetHints":{"allow":["GET"]}}],"collection":[{"href":"https:\/\/adsknews.autodesk.com\/fr\/wp-json\/wp\/v2\/pages"}],"about":[{"href":"https:\/\/adsknews.autodesk.com\/fr\/wp-json\/wp\/v2\/types\/page"}],"author":[{"embeddable":true,"href":"https:\/\/adsknews.autodesk.com\/fr\/wp-json\/wp\/v2\/users\/1"}],"replies":[{"embeddable":true,"href":"https:\/\/adsknews.autodesk.com\/fr\/wp-json\/wp\/v2\/comments?post=54777"}],"version-history":[{"count":0,"href":"https:\/\/adsknews.autodesk.com\/fr\/wp-json\/wp\/v2\/pages\/54777\/revisions"}],"wp:attachment":[{"href":"https:\/\/adsknews.autodesk.com\/fr\/wp-json\/wp\/v2\/media?parent=54777"}],"curies":[{"name":"wp","href":"https:\/\/api.w.org\/{rel}","templated":true}]}}